{"id":4,"date":"2021-08-13T13:26:03","date_gmt":"2021-08-13T13:26:03","guid":{"rendered":"https:\/\/sticonsult.de\/?page_id=4"},"modified":"2025-12-11T10:25:57","modified_gmt":"2025-12-11T10:25:57","slug":"willkommen-auf-https-sticonsult-de","status":"publish","type":"page","link":"https:\/\/sticonsult.de\/","title":{"rendered":"Willkommen bei STIconsult"},"content":{"rendered":"<div class='flex_column av-3r54-8f79e0bc61c60a57e2bde365e2d00376 av_one_full  avia-builder-el-0  el_before_av_hr  avia-builder-el-first  first flex_column_div '     ><style type=\"text\/css\" data-created_by=\"avia_inline_auto\" id=\"style-css-av-l6novnoo-1dc55adfed4197cd125150efb149756e\">\n.avia-image-container.av-l6novnoo-1dc55adfed4197cd125150efb149756e img.avia_image{\nbox-shadow:none;\n}\n.avia-image-container.av-l6novnoo-1dc55adfed4197cd125150efb149756e .av-image-caption-overlay-center{\ncolor:#ffffff;\n}\n<\/style>\n<div  class='avia-image-container av-l6novnoo-1dc55adfed4197cd125150efb149756e av-styling- avia-align-center  avia-builder-el-1  avia-builder-el-no-sibling '   itemprop=\"image\" itemscope=\"itemscope\" itemtype=\"https:\/\/schema.org\/ImageObject\" ><div class=\"avia-image-container-inner\"><div class=\"avia-image-overlay-wrap\"><img decoding=\"async\" class='wp-image-132 avia-img-lazy-loading-not-132 avia_image ' src=\"https:\/\/sticonsult.de\/wp-content\/uploads\/2025\/12\/Startbild2200x550_20y.tiff\" alt='' title='Startbild2200x550_20y'   itemprop=\"thumbnailUrl\"  \/><\/div><\/div><\/div><\/div>\n<style type=\"text\/css\" data-created_by=\"avia_inline_auto\" id=\"style-css-av-l6nozf59-94e00033db05c497e4fa4039ddffd2b0\">\n#top .hr.hr-invisible.av-l6nozf59-94e00033db05c497e4fa4039ddffd2b0{\nheight:50px;\n}\n<\/style>\n<div  class='hr av-l6nozf59-94e00033db05c497e4fa4039ddffd2b0 hr-invisible  avia-builder-el-2  el_after_av_one_full  el_before_av_textblock '><span class='hr-inner '><span class=\"hr-inner-style\"><\/span><\/span><\/div><\/p>\n<section  class='av_textblock_section av-l6ou5vs9-325987a26083b28394afe5341268e344'  itemscope=\"itemscope\" itemtype=\"https:\/\/schema.org\/CreativeWork\" ><div class='avia_textblock'  itemprop=\"text\" ><p><span style=\"font-size: 14pt;\"><span style=\"font-family: verdana, geneva, sans-serif;\"><em>\u201eMenschen mit einer neuen Idee gelten so lange als Spinner, bis sich die Sache durchgesetzt hat.\u201c<\/em><\/span> \u2013 <span style=\"font-family: verdana, geneva, sans-serif;\"><strong>Mark Twain<\/strong><\/span><\/span><\/p>\n<\/div><\/section>\n\n<style type=\"text\/css\" data-created_by=\"avia_inline_auto\" id=\"style-css-av-1a8-ed572dad3c21892d1d79a097cf0bff2c\">\n#top .hr.hr-invisible.av-1a8-ed572dad3c21892d1d79a097cf0bff2c{\nheight:50px;\n}\n<\/style>\n<div  class='hr av-1a8-ed572dad3c21892d1d79a097cf0bff2c hr-invisible  avia-builder-el-4  el_after_av_textblock  el_before_av_textblock '><span class='hr-inner '><span class=\"hr-inner-style\"><\/span><\/span><\/div>\n<section  class='av_textblock_section av-l6nmcpqg-ed5994c347de04dedf765dd2ea93be37'  itemscope=\"itemscope\" itemtype=\"https:\/\/schema.org\/CreativeWork\" ><div class='avia_textblock'  itemprop=\"text\" ><p><span style=\"font-family: verdana, geneva, sans-serif;\"><strong><span style=\"color: #276eb6;\">Strategische Technologieberatung und Innovationsmanagement<\/span><\/strong>\u00a0sind unsere Kompetenzen. Aus der betrieblichen Praxis kommend erarbeiten wir Ihnen Wege, Ihren Betrieb optimal auszurichten und innovativ f\u00fcr die Zukunft zu sichern.<\/span><\/p>\n<\/div><\/section>\n<div class='flex_column av-8gtg-b47b83c736ffc4d34950802c92c1979c av_one_third  avia-builder-el-6  el_after_av_textblock  el_before_av_one_third  first flex_column_div column-top-margin'     ><section  class='av_textblock_section av-l6nnuk5g-4bcb2ebfe3725c3269ae9c16149f2153'  itemscope=\"itemscope\" itemtype=\"https:\/\/schema.org\/CreativeWork\" ><div class='avia_textblock'  itemprop=\"text\" ><p><span style=\"font-family: verdana, geneva, sans-serif;\">Die<span style=\"color: #276eb6;\">\u00a0<strong>Innovationsberatung<\/strong><\/span>, speziell das\u00a0<strong><span style=\"color: #276eb6;\">Innovationsmanagement<\/span><\/strong>, ist dabei eine unserer Kernkompetenzen. Aus eigener Erfahrung wissen wir, da\u00df nur durch permanente Feinarbeit am eigenen Produkt und best\u00e4ndige \u00dcberpr\u00fcfung der Bed\u00fcrfnisse des Marktes eine herausragende Stellung erreicht und gehalten werden kann. Innovation ist nicht nur der Quantensprung, sondern kann auch die kleine Verbesserung sein, die aber das Produkt dem Nutzer so unersetzlich macht. Das zu erreichen, gelingt nur durch permanente Arbeit an der Zukunft. Wir k\u00f6nnen Ihnen aufzeigen, wie Sie entsprechende Routinen einrichten, Ihre Verfahren verbessern und damit neuen Schwung f\u00fcr die t\u00e4glichen Herausforderungen gewinnen!<\/span><\/p>\n<\/div><\/section><\/div>\n<div class='flex_column av-4xmk-865e40f0c070e0b95e137d3923e24ef3 av_one_third  avia-builder-el-8  el_after_av_one_third  el_before_av_one_third  flex_column_div column-top-margin'     ><section  class='av_textblock_section av-l6nnvdo3-fae37c6b5fce609484ba8cfeec4af0ae'  itemscope=\"itemscope\" itemtype=\"https:\/\/schema.org\/CreativeWork\" ><div class='avia_textblock'  itemprop=\"text\" ><p><span style=\"font-family: verdana, geneva, sans-serif;\">Ziel unserer\u00a0<strong><span style=\"color: #276eb6;\">Technologieberatung<\/span><\/strong>\u00a0ist, das Thema Technologie in seiner strategischen Bedeutung deutlich zu machen,\u00a0das Unternehmen und sein Umfeld zu analysieren und entsprechend optimierte Vorgehensweisen f\u00fcr die Zukunft zu erarbeiten. Hierbei erstellen wir auch &#8222;technology roadmaps&#8220;, die den Fahrplan in die technische Zukunft darstellen. Daraus leiten sich dann auch die Folgema\u00dfnahmen und Projekte ab.<\/span><\/p>\n<p><span style=\"font-family: verdana, geneva, sans-serif;\">Wir verf\u00fcgen selbst \u00fcber weitreichende Erfahrungen im Bereich Produkt- und Verfahrensentwicklung in verschiedenen Branchen und bieten Ihnen deshalb auch Prozessanalysen und Prozessoptimierung an. Mit besonderem Schwerpunkt im Bereich Oberfl\u00e4chenvorbehandlung und -beschichtung.<\/span><\/p>\n<\/div><\/section><\/div>\n<div class='flex_column av-2erq-1717324bd0316947982bbff0c5ff85f3 av_one_third  avia-builder-el-10  el_after_av_one_third  avia-builder-el-last  flex_column_div column-top-margin'     ><section  class='av_textblock_section av-l6nnwmkh-b5802a36977e88bdb64ae5504284facd'  itemscope=\"itemscope\" itemtype=\"https:\/\/schema.org\/CreativeWork\" ><div class='avia_textblock'  itemprop=\"text\" ><p><span style=\"color: #276eb6;\"><strong><span style=\"font-family: verdana, geneva, sans-serif;\">Unsere Klienten finden sich bisher in folgenden Branchen:<\/span><\/strong><\/span><\/p>\n<p><span style=\"font-family: verdana, geneva, sans-serif; color: #808080;\">Metallbe- und verarbeitung<\/span><\/p>\n<p><span style=\"font-family: verdana, geneva, sans-serif; color: #808080;\">Glas \/ Glaskeramik<\/span><\/p>\n<p><span style=\"font-family: verdana, geneva, sans-serif; color: #808080;\">Optische Industrie und Elektronik<\/span><\/p>\n<p><span style=\"font-family: verdana, geneva, sans-serif; color: #808080;\">Keramik\u00a0<\/span><\/p>\n<p><span style=\"font-family: verdana, geneva, sans-serif; color: #808080;\">Automotive<\/span><\/p>\n<p><span style=\"font-family: verdana, geneva, sans-serif; color: #808080;\">Werkzeugherstellung und -beschichtung<\/span><\/p>\n<p><span style=\"font-family: verdana, geneva, sans-serif; color: #808080;\">Bildverarbeitung<\/span><\/p>\n<p><span style=\"font-family: verdana, geneva, sans-serif; color: #808080;\">Elektroanlagenbau<\/span><\/p>\n<p><span style=\"font-family: verdana, geneva, sans-serif; color: #808080;\">Freizeitindustrie<\/span><\/p>\n<\/div><\/section><\/div>\n","protected":false},"excerpt":{"rendered":"","protected":false},"author":1,"featured_media":0,"parent":0,"menu_order":0,"comment_status":"closed","ping_status":"open","template":"","meta":{"footnotes":""},"class_list":["post-4","page","type-page","status-publish","hentry"],"_links":{"self":[{"href":"https:\/\/sticonsult.de\/index.php?rest_route=\/wp\/v2\/pages\/4","targetHints":{"allow":["GET"]}}],"collection":[{"href":"https:\/\/sticonsult.de\/index.php?rest_route=\/wp\/v2\/pages"}],"about":[{"href":"https:\/\/sticonsult.de\/index.php?rest_route=\/wp\/v2\/types\/page"}],"author":[{"embeddable":true,"href":"https:\/\/sticonsult.de\/index.php?rest_route=\/wp\/v2\/users\/1"}],"replies":[{"embeddable":true,"href":"https:\/\/sticonsult.de\/index.php?rest_route=%2Fwp%2Fv2%2Fcomments&post=4"}],"version-history":[{"count":20,"href":"https:\/\/sticonsult.de\/index.php?rest_route=\/wp\/v2\/pages\/4\/revisions"}],"predecessor-version":[{"id":135,"href":"https:\/\/sticonsult.de\/index.php?rest_route=\/wp\/v2\/pages\/4\/revisions\/135"}],"wp:attachment":[{"href":"https:\/\/sticonsult.de\/index.php?rest_route=%2Fwp%2Fv2%2Fmedia&parent=4"}],"curies":[{"name":"wp","href":"https:\/\/api.w.org\/{rel}","templated":true}]}}